{"id":32,"date":"2014-08-29T18:19:51","date_gmt":"2014-08-29T16:19:51","guid":{"rendered":"http:\/\/www.choramlight.com\/en\/?page_id=32"},"modified":"2018-09-04T23:45:46","modified_gmt":"2018-09-04T21:45:46","slug":"imprint","status":"publish","type":"page","link":"https:\/\/www.choramlight.com\/en\/contact\/imprint\/","title":{"rendered":"imprint"},"content":{"rendered":"<p>CHORAM light.trans.forms<\/p>\n<p>Christiane Werzowa<\/p>\n<p>Telekygasse 11,<br \/>\n1190\u00a0Vienna<br \/>\nAustria<\/p>\n<p>Company register: FN 398405 s,\u00a0Commercial Court of Vienna<br \/>\nUID-Number: ATU38576705<\/p>\n<p>&nbsp;<\/p>\n<p>copyright:<br \/>\ns\u00e4mtliche auf dieser website dargestellten inhalte sind geistiges eigentum\u00a0von choram light.trans.forms und somit gesch\u00fctzt. dargestellte markenzeichen, warenzeichen, handelsnamen, firmennamen etc. von choram light.trans.forms sind marken-, urheberrechtlich oder anders als geistiges eigentum gesch\u00fctzt. weder derartig gesch\u00fctzte zeichen und namen noch inhalte d\u00fcrfen ohne die schriftliche erlaubnis von choram light.trans.forms in irgendeiner weise verwendet werden. ausgenommen davon ist die widmungsgem\u00e4\u00dfe verwendung von serviceangeboten, die kommerzielle nutzung dieser inhalte ist jedoch jedenfalls untersagt, sofern keine schriftliche erlaubnis von choram light:trans.forms vorliegt. jede berechtigte verbreitung von inhalten dieser website hat auf die bezugsquelle hinzuweisen.<\/p>\n<p>&nbsp;<\/p>\n<p>google analytics:<\/p>\n<p>diese website benutzt google analytics, einen webanalysedienst der google inc. (\u201egoogle\u201c). google analytics verwendet sog. \u201ecookies\u201c, textdateien, die auf ihrem computer gespeichert werden und die eine analyse der benutzung der website durch sie erm\u00f6glichen. die durch den cookie erzeugten informationen \u00fcber ihre benutzung dieser website (einschlie\u00dflich ihrer ip-adresse) wird an einen server von google in den usa \u00fcbertragen und dort gespeichert. google wird diese informationen benutzen, um ihre nutzung der website auszuwerten, um reports \u00fcber die websiteaktivit\u00e4ten f\u00fcr die websitebetreiber zusammenzustellen und um weitere mit der websitenutzung und der internetnutzung verbundene dienstleistungen zu erbringen.\u00a0auch wird google diese informationen gegebenenfalls an dritte \u00fcbertragen, sofern dies gesetzlich vorgeschrieben oder soweit dritte diese daten im auftrag von google verarbeiten. google wird in keinem fall ihre ip-adresse mit anderen daten von google in verbindung bringen. sie k\u00f6nnen die installation der cookies durch eine entsprechende einstellung ihrer browser software verhindern; wir weisen sie jedoch darauf hin, dass sie in diesem fall gegebenenfalls nicht s\u00e4mtliche funktionen dieser website vollumf\u00e4nglich nutzen k\u00f6nnen. durch die nutzung dieser website erkl\u00e4ren sie sich mit der bearbeitung der \u00fcber sie erhobenen daten durch google in der zuvor beschriebenen art und weise und zu dem zuvor benannten zweck einverstanden.\u00a0auch wird google diese informationen gegebenenfalls an dritte \u00fcbertragen, sofern dies gesetzlich vorgeschrieben oder soweit dritte diese daten im auftrag von google verarbeiten. google wird in keinem fall ihre ip-adresse mit anderen daten von google in verbindung bringen. sie k\u00f6nnen die installation der cookies durch eine entsprechende einstellung ihrer browser software verhindern; wir weisen sie jedoch darauf hin, dass sie in diesem fall gegebenenfalls nicht s\u00e4mtliche funktionen dieser website vollumf\u00e4nglich nutzen k\u00f6nnen. durch die nutzung dieser website erkl\u00e4ren sie sich mit der bearbeitung der \u00fcber sie erhobenen daten durch google in der zuvor beschriebenen art und weise und zu dem zuvor benannten zweck einverstanden.<\/p>\n<p>&nbsp;<\/p>\n<p>&nbsp;<\/p>\n","protected":false},"excerpt":{"rendered":"<p>CHORAM light.trans.forms Christiane Werzowa Telekygasse 11, 1190\u00a0Vienna Austria Company register: FN 398405 s,\u00a0Commercial Court of Vienna UID-Number: ATU38576705 &nbsp; copyright: s\u00e4mtliche auf dieser website dargestellten inhalte sind geistiges eigentum\u00a0von choram light.trans.forms und somit gesch\u00fctzt. dargestellte markenzeichen, warenzeichen, handelsnamen, firmennamen etc.&hellip; <\/p>\n","protected":false},"author":1,"featured_media":0,"parent":28,"menu_order":2,"comment_status":"closed","ping_status":"closed","template":"","meta":{"_monsterinsights_skip_tracking":false,"_monsterinsights_sitenote_active":false,"_monsterinsights_sitenote_note":"","_monsterinsights_sitenote_category":0,"footnotes":""},"class_list":["post-32","page","type-page","status-publish","hentry"],"_links":{"self":[{"href":"https:\/\/www.choramlight.com\/en\/wp-json\/wp\/v2\/pages\/32","targetHints":{"allow":["GET"]}}],"collection":[{"href":"https:\/\/www.choramlight.com\/en\/wp-json\/wp\/v2\/pages"}],"about":[{"href":"https:\/\/www.choramlight.com\/en\/wp-json\/wp\/v2\/types\/page"}],"author":[{"embeddable":true,"href":"https:\/\/www.choramlight.com\/en\/wp-json\/wp\/v2\/users\/1"}],"replies":[{"embeddable":true,"href":"https:\/\/www.choramlight.com\/en\/wp-json\/wp\/v2\/comments?post=32"}],"version-history":[{"count":11,"href":"https:\/\/www.choramlight.com\/en\/wp-json\/wp\/v2\/pages\/32\/revisions"}],"predecessor-version":[{"id":289,"href":"https:\/\/www.choramlight.com\/en\/wp-json\/wp\/v2\/pages\/32\/revisions\/289"}],"up":[{"embeddable":true,"href":"https:\/\/www.choramlight.com\/en\/wp-json\/wp\/v2\/pages\/28"}],"wp:attachment":[{"href":"https:\/\/www.choramlight.com\/en\/wp-json\/wp\/v2\/media?parent=32"}],"curies":[{"name":"wp","href":"https:\/\/api.w.org\/{rel}","templated":true}]}}